{"id":212,"date":"2024-09-21T22:54:15","date_gmt":"2024-09-21T20:54:15","guid":{"rendered":"https:\/\/physio-danda.de\/?page_id=212"},"modified":"2024-09-21T22:54:15","modified_gmt":"2024-09-21T20:54:15","slug":"impressum","status":"publish","type":"page","link":"https:\/\/physio-danda.de\/?page_id=212","title":{"rendered":"Impressum"},"content":{"rendered":"<div id=\"pl-212\"  class=\"panel-layout\" ><div id=\"pg-212-0\"  class=\"panel-grid panel-no-style\" ><div id=\"pgc-212-0-0\"  class=\"panel-grid-cell\" ><div id=\"panel-212-0-0-0\" class=\"so-panel widget widget_sow-editor panel-first-child panel-last-child\" data-index=\"0\" ><div\n\t\t\t\n\t\t\tclass=\"so-widget-sow-editor so-widget-sow-editor-base\"\n\t\t\t\n\t\t>\n<div class=\"siteorigin-widget-tinymce textwidget\">\n\t<h3 class=\"widget-title\"><em style=\"font-size: 16px;\">Angaben gem\u00e4\u00df \u00a7 5 TMG:<\/em><\/h3>\n<div class=\"textwidget\">\n<p>Martina Danda<br \/>\nPhysiotherapie am Rathaus<br \/>\nSpeyerer Stra\u00dfe 22<br \/>\n74078 Heilbronn-Frankenbach<\/p>\n<h3>Kontakt:<\/h3>\n<p>Tel.: +49 7131 484843<br \/>\nE-Mail: info@physio-danda.de<\/p>\n<h3>Aufsichtsbeh\u00f6rde:<\/h3>\n<p>Zust\u00e4ndige Aufsichtsbeh\u00f6rde f\u00fcr Physiotherapeuten in Nordbaden ist das<br \/>\nRegierungspr\u00e4sidium Karlsruhe<br \/>\n76247 Karlsruhe<br \/>\nhttps:\/\/rp.baden-wuerttemberg.de\/rpk\/Seiten\/default.aspx<\/p>\n<p>Dem Betreiber der Website ist von der Regierung von Unterfranken nach Bestehen des Staatsexamens die Berechtigung zur F\u00fchrung der Berufsbezeichnung Physiotherapeut verliehen worden.<\/p>\n<h3>Berufsrechtliche Regelungen:<\/h3>\n<p>Berufsbezeichnung: Physiotherapeut<br \/>\nDie berufsrechtlichen Regelungen f\u00fcr die Physiotherapeuten finden Sie auf den Seiten des Deutschen Verbandes f\u00fcr Physiotherapie (ZVK) e.V. \u2013 Landesverband Baden-W\u00fcrttemberg e.V.:\u00a0www.physio-verband.de<\/p>\n<h3>Angaben zur Berufshaftpflichtversicherung:<\/h3>\n<p>Name und Sitz der Gesellschaft:<br \/>\nBarmenia Allgemeine Versicherungs-AG<br \/>\n42094 Wuppertal<\/p>\n<h3>Verantwortlich f\u00fcr den Inhalt nach \u00a7 55 Abs. 2 RStV:<\/h3>\n<p>Martina Danda<br \/>\nPhysiotherapie am Rathaus<br \/>\nSpeyerer Stra\u00dfe 22<br \/>\n74078 Heilbronn-Frankenbach<\/p>\n<h3>Streitschlichtung:<\/h3>\n<p>Wir sind nicht bereit oder verpflichtet, an Streitbeilegungsverfahren vor einer Verbraucherschlichtungsstelle teilzunehmen.<\/p>\n<\/div>\n<\/div>\n<\/div><\/div><\/div><\/div><\/div>","protected":false},"excerpt":{"rendered":"<p>Angaben gem\u00e4\u00df \u00a7 5 TMG: Martina Danda Physiotherapie am Rathaus Speyerer Stra\u00dfe 22 74078 Heilbronn-Frankenbach Kontakt: Tel.: +49 7131 484843 E-Mail: info@physio-danda.de Aufsichtsbeh\u00f6rde: Zust\u00e4ndige Aufsichtsbeh\u00f6rde f\u00fcr Physiotherapeuten in Nordbaden ist das Regierungspr\u00e4sidium Karlsruhe 76247 Karlsruhe https:\/\/rp.baden-wuerttemberg.de\/rpk\/Seiten\/default.aspx Dem Betreiber der Website ist von der Regierung von Unterfranken nach Bestehen des Staatsexamens die Berechtigung zur F\u00fchrung der [&hellip;]<\/p>\n","protected":false},"author":1,"featured_media":0,"parent":0,"menu_order":0,"comment_status":"closed","ping_status":"closed","template":"","meta":{"footnotes":""},"class_list":["post-212","page","type-page","status-publish","hentry","post"],"_links":{"self":[{"href":"https:\/\/physio-danda.de\/index.php?rest_route=\/wp\/v2\/pages\/212","targetHints":{"allow":["GET"]}}],"collection":[{"href":"https:\/\/physio-danda.de\/index.php?rest_route=\/wp\/v2\/pages"}],"about":[{"href":"https:\/\/physio-danda.de\/index.php?rest_route=\/wp\/v2\/types\/page"}],"author":[{"embeddable":true,"href":"https:\/\/physio-danda.de\/index.php?rest_route=\/wp\/v2\/users\/1"}],"replies":[{"embeddable":true,"href":"https:\/\/physio-danda.de\/index.php?rest_route=%2Fwp%2Fv2%2Fcomments&post=212"}],"version-history":[{"count":2,"href":"https:\/\/physio-danda.de\/index.php?rest_route=\/wp\/v2\/pages\/212\/revisions"}],"predecessor-version":[{"id":214,"href":"https:\/\/physio-danda.de\/index.php?rest_route=\/wp\/v2\/pages\/212\/revisions\/214"}],"wp:attachment":[{"href":"https:\/\/physio-danda.de\/index.php?rest_route=%2Fwp%2Fv2%2Fmedia&parent=212"}],"curies":[{"name":"wp","href":"https:\/\/api.w.org\/{rel}","templated":true}]}}